{"id":6,"date":"2015-01-23T15:54:08","date_gmt":"2015-01-23T15:54:08","guid":{"rendered":"http:\/\/novosite.vivapower.pt\/?page_id=6"},"modified":"2025-05-31T17:33:50","modified_gmt":"2025-05-31T17:33:50","slug":"home","status":"publish","type":"page","link":"https:\/\/www.vivapower.pt\/en\/","title":{"rendered":"Home"},"content":{"rendered":"[rev_slider slider3]\n<section class=\"columns\">\n<article class=\"col col23\">\n<p><img loading=\"lazy\" decoding=\"async\" class=\"alignnone wp-image-2775 size-full\" src=\"https:\/\/www.vivapower.pt\/wp-content\/uploads\/2015\/01\/VPconsulting.jpg\" alt=\"VPconsulting\" width=\"620\" height=\"138\" srcset=\"https:\/\/www.vivapower.pt\/wp-content\/uploads\/2015\/01\/VPconsulting.jpg 620w, https:\/\/www.vivapower.pt\/wp-content\/uploads\/2015\/01\/VPconsulting-300x67.jpg 300w, https:\/\/www.vivapower.pt\/wp-content\/uploads\/2015\/01\/VPconsulting-460x102.jpg 460w, https:\/\/www.vivapower.pt\/wp-content\/uploads\/2015\/01\/VPconsulting-600x134.jpg 600w, https:\/\/www.vivapower.pt\/wp-content\/uploads\/2015\/01\/VPconsulting-120x27.jpg 120w\" sizes=\"auto, (max-width: 620px) 100vw, 620px\" \/><\/p>\n<h6 style=\"margin-top: -5px;\">EXCELLENCE IN ENERGY CONSULTING, ENGINEERING AND ENVIRONMENT<\/h6>\n<p style=\"margin-top: -12px;\">We will help you to reduce your energy and environmental costs. Cut in that does not need and invest in which really makes sense.<\/p>\n<p><img loading=\"lazy\" decoding=\"async\" class=\"alignnone wp-image-2787 size-full\" src=\"https:\/\/www.vivapower.pt\/wp-content\/uploads\/2015\/01\/VPsystems.jpg\" alt=\"VPsystems\" width=\"620\" height=\"140\" srcset=\"https:\/\/www.vivapower.pt\/wp-content\/uploads\/2015\/01\/VPsystems.jpg 620w, https:\/\/www.vivapower.pt\/wp-content\/uploads\/2015\/01\/VPsystems-300x68.jpg 300w, https:\/\/www.vivapower.pt\/wp-content\/uploads\/2015\/01\/VPsystems-460x104.jpg 460w, https:\/\/www.vivapower.pt\/wp-content\/uploads\/2015\/01\/VPsystems-600x135.jpg 600w, https:\/\/www.vivapower.pt\/wp-content\/uploads\/2015\/01\/VPsystems-120x27.jpg 120w\" sizes=\"auto, (max-width: 620px) 100vw, 620px\" \/><\/p>\n<h6 style=\"margin-top: -5px;\">ENERGY PRODUCTION SOLUTIONS RENEWABLE AND ENERGY EFFICIENCY<\/h6>\n<p style=\"margin-top: -12px;\">Invest in solutions designed, tested and certified by experts.<\/p>\n<p><img loading=\"lazy\" decoding=\"async\" class=\"alignnone wp-image-2794 size-full\" src=\"https:\/\/www.vivapower.pt\/wp-content\/uploads\/2015\/01\/VPassets.jpg\" alt=\"VPassets\" width=\"621\" height=\"140\" srcset=\"https:\/\/www.vivapower.pt\/wp-content\/uploads\/2015\/01\/VPassets.jpg 621w, https:\/\/www.vivapower.pt\/wp-content\/uploads\/2015\/01\/VPassets-300x68.jpg 300w, https:\/\/www.vivapower.pt\/wp-content\/uploads\/2015\/01\/VPassets-460x104.jpg 460w, https:\/\/www.vivapower.pt\/wp-content\/uploads\/2015\/01\/VPassets-600x135.jpg 600w, https:\/\/www.vivapower.pt\/wp-content\/uploads\/2015\/01\/VPassets-120x27.jpg 120w\" sizes=\"auto, (max-width: 621px) 100vw, 621px\" \/><\/p>\n<h6 style=\"margin-top: -5px;\">PARTNERS INVESTMENT IN ENERGY<\/h6>\n<p style=\"margin-top: -12px;\">Invest in renewable energy generation with the support of an experienced and professional team is available to study and evaluate the projects.<\/p><\/article>\n<article class=\"col col3\">\n<H2 class=\"underline\"><span>NEWS<\/span><\/H2>\n<ul class=\"event-list\"><li><p class=\"date\"><span>8<\/span><span>Jun<\/span><\/p><h4><a href=\"https:\/\/www.vivapower.pt\/en\/vivapower-desenvolve-projeto-producao-energia-na-santa-casa-arruda-dos-vinhos\/\">(Portugu\u00eas) VIVAPOWER desenvolve projeto de produ\u00e7\u00e3o de energia na Santa Casa de Arruda dos Vinhos<\/a><\/h4><\/li><li><p class=\"date\"><span>26<\/span><span>Apr<\/span><\/p><h4><a href=\"https:\/\/www.vivapower.pt\/en\/sew-eurodrive\/\">VIVAPOWER desenvolve projecto de autoconsumo na SEW EURODRIVE<\/a><\/h4><\/li><li><p class=\"date\"><span>15<\/span><span>Feb<\/span><\/p><h4><a href=\"https:\/\/www.vivapower.pt\/en\/seminario-nerc-vivapower-3-marco-coimbra\/\">Semin\u00e1rio Efici\u00eancia Energ\u00e9tica e Autoconsumo | NERC - Associa\u00e7\u00e3o Empresarial de Coimbra\/ Vivapower | 3 Mar\u00e7o - Coimbra<\/a><\/h4><\/li><li><p class=\"date\"><span>10<\/span><span>Feb<\/span><\/p><h4><a href=\"https:\/\/www.vivapower.pt\/en\/seminario-eficiencia-no-consumo-de-energia-na-industria-ceramica-e-vidro\/\">Semin\u00e1rio - Efici\u00eancia no Consumo de Energia na Ind\u00fastria Cer\u00e2mica e Vidro<\/a><\/h4><\/li><\/ul>\n<p><strong><a href=\"https:\/\/www.vivapower.pt\/blog\/\">MORE NEWS \u00a0<img loading=\"lazy\" decoding=\"async\" class=\"alignnone size-full wp-image-3053\" src=\"https:\/\/www.vivapower.pt\/wp-content\/uploads\/2015\/01\/vivapower1.png\" alt=\"vivapower\" width=\"8\" height=\"10\" \/><\/a><\/strong><\/p>\n<p>&nbsp;<\/p>\n[rev_slider home]<\/article>\n<\/section>","protected":false},"excerpt":{"rendered":"<p>Sorry, this entry is only available in Portugu\u00eas.<\/p>\n","protected":false},"author":1,"featured_media":0,"parent":0,"menu_order":0,"comment_status":"0","ping_status":"open","template":"","meta":{"footnotes":""},"class_list":["post-6","page","type-page","status-publish","hentry"],"_links":{"self":[{"href":"https:\/\/www.vivapower.pt\/en\/wp-json\/wp\/v2\/pages\/6","targetHints":{"allow":["GET"]}}],"collection":[{"href":"https:\/\/www.vivapower.pt\/en\/wp-json\/wp\/v2\/pages"}],"about":[{"href":"https:\/\/www.vivapower.pt\/en\/wp-json\/wp\/v2\/types\/page"}],"author":[{"embeddable":true,"href":"https:\/\/www.vivapower.pt\/en\/wp-json\/wp\/v2\/users\/1"}],"replies":[{"embeddable":true,"href":"https:\/\/www.vivapower.pt\/en\/wp-json\/wp\/v2\/comments?post=6"}],"version-history":[{"count":113,"href":"https:\/\/www.vivapower.pt\/en\/wp-json\/wp\/v2\/pages\/6\/revisions"}],"predecessor-version":[{"id":3805,"href":"https:\/\/www.vivapower.pt\/en\/wp-json\/wp\/v2\/pages\/6\/revisions\/3805"}],"wp:attachment":[{"href":"https:\/\/www.vivapower.pt\/en\/wp-json\/wp\/v2\/media?parent=6"}],"curies":[{"name":"wp","href":"https:\/\/api.w.org\/{rel}","templated":true}]}}